{"id":24335,"date":"2024-10-24T07:27:18","date_gmt":"2024-10-24T07:27:18","guid":{"rendered":"https:\/\/ambutascos.merkadoweb.es\/?page_id=24335"},"modified":"2025-09-05T18:57:56","modified_gmt":"2025-09-05T18:57:56","slug":"desatasco-de-fregaderos-en-las-palmas","status":"publish","type":"page","link":"https:\/\/ambutascos.es\/index.php\/desatasco-de-fregaderos-en-las-palmas\/","title":{"rendered":"Desatasco de fregaderos en Las Palmas"},"content":{"rendered":"<p>[et_pb_section fb_built=\u00bb1&#8243; custom_padding_last_edited=\u00bbon|phone\u00bb _builder_version=\u00bb4.27.2&#8243; _module_preset=\u00bbdefault\u00bb background_image=\u00bbhttps:\/\/ambutascos.es\/wp-content\/uploads\/2024\/10\/Desatasco-de-fregaderos-en-Las-Palmas-1-scaled.jpg\u00bb custom_padding=\u00bb150px||150px||true|\u00bb custom_padding_tablet=\u00bb150px||150px||true|\u00bb custom_padding_phone=\u00bb80px||80px||true|false\u00bb global_colors_info=\u00bb{}\u00bb][et_pb_row custom_padding_last_edited=\u00bbon|phone\u00bb _builder_version=\u00bb4.27.2&#8243; _module_preset=\u00bbdefault\u00bb background_color=\u00bbrgba(10,10,10,0.5)\u00bb custom_padding=\u00bb||32px|||\u00bb custom_padding_tablet=\u00bb||32px|||\u00bb custom_padding_phone=\u00bb10px||30px||false|false\u00bb global_colors_info=\u00bb{}\u00bb][et_pb_column type=\u00bb4_4&#8243; _builder_version=\u00bb4.27.2&#8243; _module_preset=\u00bbdefault\u00bb global_colors_info=\u00bb{}\u00bb][et_pb_text _builder_version=\u00bb4.27.2&#8243; _module_preset=\u00bbdefault\u00bb header_font=\u00bbBasic|700|||||||\u00bb header_text_align=\u00bbleft\u00bb header_text_color=\u00bb#FFFFFF\u00bb header_font_size=\u00bb68px\u00bb header_line_height=\u00bb1.1em\u00bb header_2_font=\u00bbBasic|700||on|||||\u00bb header_2_text_color=\u00bb#FFFFFF\u00bb header_2_font_size=\u00bb40px\u00bb header_2_line_height=\u00bb1.3em\u00bb custom_margin=\u00bb20px||5px||false|false\u00bb custom_padding=\u00bb0px||5px||false|false\u00bb header_font_size_tablet=\u00bb68px\u00bb header_font_size_phone=\u00bb34px\u00bb header_font_size_last_edited=\u00bbon|phone\u00bb header_2_font_size_tablet=\u00bb49px\u00bb header_2_font_size_phone=\u00bb22px\u00bb header_2_font_size_last_edited=\u00bbon|phone\u00bb global_colors_info=\u00bb{}\u00bb]<\/p>\n<h2 style=\"text-align: center;\">Desatasco de fregaderos, wc o bajantes.<\/h2>\n<p>[\/et_pb_text][et_pb_text _builder_version=\u00bb4.27.2&#8243; _module_preset=\u00bbdefault\u00bb text_font=\u00bbManrope|600|||||||\u00bb text_text_color=\u00bb#FFFFFF\u00bb text_font_size=\u00bb16px\u00bb text_line_height=\u00bb1.5em\u00bb header_text_color=\u00bb#FFFFFF\u00bb custom_margin=\u00bb0px||13px||false|false\u00bb custom_margin_tablet=\u00bb0px||35px||false|false\u00bb custom_margin_phone=\u00bb0px|0px|35px|0px|false|false\u00bb custom_margin_last_edited=\u00bbon|phone\u00bb custom_padding=\u00bb0px|20px|0px|20px|false|true\u00bb global_colors_info=\u00bb{}\u00bb]<\/p>\n<p style=\"text-align: justify;\">Nuestro servicio de <strong>desatasco de fregaderos, WC o bajantes<\/strong> est\u00e1 dise\u00f1ado para eliminar r\u00e1pidamente cualquier obstrucci\u00f3n que afecte el flujo de agua en tu hogar o negocio. Utilizamos equipos especializados para desatascar de manera segura y eficiente, asegurando que las tuber\u00edas funcionen sin problemas. Con soluciones r\u00e1pidas y sin productos qu\u00edmicos agresivos, restauramos la normalidad en tus instalaciones.<\/p>\n<p>[\/et_pb_text][et_pb_button button_url=\u00bbtel:+34661913872&#8243; button_text=\u00bb661 91 38 72&#8243; button_alignment=\u00bbcenter\u00bb _builder_version=\u00bb4.27.4&#8243; _module_preset=\u00bbdefault\u00bb custom_button=\u00bbon\u00bb button_text_size=\u00bb14px\u00bb button_text_color=\u00bb#FFFFFF\u00bb button_bg_color=\u00bb#bf0029&#8243; button_border_radius=\u00bb0px\u00bb button_font=\u00bbManrope|800|||||||\u00bb button_use_icon=\u00bboff\u00bb custom_margin=\u00bb0px||0px||false|false\u00bb custom_padding=\u00bb15px|36px|15px|36px|false|false\u00bb hover_enabled=\u00bb0&#8243; global_colors_info=\u00bb{}\u00bb button_bg_color__hover_enabled=\u00bbon|hover\u00bb button_text_color__hover_enabled=\u00bbon|hover\u00bb button_text_color__hover=\u00bb#bf0029&#8243; button_bg_color__hover=\u00bb#FFFFFF\u00bb button_bg_enable_color__hover=\u00bbon\u00bb button_letter_spacing__hover_enabled=\u00bbon|hover\u00bb button_letter_spacing__hover=\u00bb0px\u00bb sticky_enabled=\u00bb0&#8243;][\/et_pb_button][\/et_pb_column][\/et_pb_row][\/et_pb_section][et_pb_section fb_built=\u00bb1&#8243; custom_padding_last_edited=\u00bbon|phone\u00bb _builder_version=\u00bb4.27.2&#8243; _module_preset=\u00bbdefault\u00bb background_color=\u00bb#f2f2f2&#8243; custom_margin=\u00bb0px||0px||false|false\u00bb custom_padding=\u00bb40px||40px||true|false\u00bb custom_padding_tablet=\u00bb175px||100px||false|false\u00bb custom_padding_phone=\u00bb0px||40px||false|false\u00bb global_colors_info=\u00bb{}\u00bb][et_pb_row column_structure=\u00bb1_2,1_2&#8243; use_custom_gutter=\u00bbon\u00bb gutter_width=\u00bb1&#8243; make_equal=\u00bbon\u00bb custom_padding_last_edited=\u00bbon|phone\u00bb _builder_version=\u00bb4.27.2&#8243; _module_preset=\u00bbdefault\u00bb width=\u00bb90%\u00bb max_width=\u00bb1120px\u00bb custom_margin=\u00bb0px||0px||false|false\u00bb custom_margin_tablet=\u00bb0px||0px||false|false\u00bb custom_margin_phone=\u00bb0px||0px||false|false\u00bb custom_margin_last_edited=\u00bbon|phone\u00bb custom_padding=\u00bb0px||0px||false|false\u00bb custom_padding_tablet=\u00bb0px||0px||false|false\u00bb custom_padding_phone=\u00bb0px||0px||false|false\u00bb animation_style=\u00bbfade\u00bb animation_delay=\u00bb500ms\u00bb animation_speed_curve=\u00bbease\u00bb global_colors_info=\u00bb{}\u00bb][et_pb_column type=\u00bb1_2&#8243; _builder_version=\u00bb4.27.2&#8243; _module_preset=\u00bbdefault\u00bb custom_padding=\u00bb|40px||12px|false|false\u00bb custom_padding_tablet=\u00bb70px|||0px|false|false\u00bb custom_padding_phone=\u00bb55px||||false|false\u00bb custom_padding_last_edited=\u00bbon|tablet\u00bb custom_css_main_element=\u00bbmargin:auto;\u00bb global_colors_info=\u00bb{}\u00bb][et_pb_text _builder_version=\u00bb4.27.2&#8243; _module_preset=\u00bbdefault\u00bb header_4_font=\u00bbBasic|||on|||||\u00bb header_4_text_align=\u00bbleft\u00bb header_4_text_color=\u00bb#bf0029&#8243; header_4_font_size=\u00bb14px\u00bb header_4_letter_spacing=\u00bb1.2px\u00bb header_4_line_height=\u00bb1.2em\u00bb custom_margin=\u00bb0px||0px||false|false\u00bb custom_margin_tablet=\u00bb0px||0px||false|false\u00bb custom_margin_phone=\u00bb-20px||0px||false|false\u00bb custom_margin_last_edited=\u00bbon|phone\u00bb custom_padding=\u00bb0px||0px||false|false\u00bb global_colors_info=\u00bb{}\u00bb]<\/p>\n<h4>Profesionalidad<\/h4>\n<p>[\/et_pb_text][et_pb_text _builder_version=\u00bb4.27.2&#8243; _module_preset=\u00bbdefault\u00bb header_font=\u00bbBasic|700|||||||\u00bb header_2_font=\u00bbBasic|700|||||||\u00bb header_2_text_align=\u00bbleft\u00bb header_2_text_color=\u00bb#014b9c\u00bb header_2_font_size=\u00bb45px\u00bb header_2_line_height=\u00bb1.2em\u00bb custom_margin=\u00bb0px||3px||false|false\u00bb custom_padding=\u00bb0px||0px||false|false\u00bb header_2_font_size_tablet=\u00bb45px\u00bb header_2_font_size_phone=\u00bb28px\u00bb header_2_font_size_last_edited=\u00bbon|phone\u00bb global_colors_info=\u00bb{}\u00bb]<\/p>\n<h1><strong>Desatasco de fregaderos en Las Palmas<\/strong><\/h1>\n<p>[\/et_pb_text][et_pb_text _builder_version=\u00bb4.27.2&#8243; _module_preset=\u00bbdefault\u00bb text_font=\u00bbManrope|600|||||||\u00bb text_text_color=\u00bb#6b6e71&#8243; text_font_size=\u00bb16px\u00bb text_line_height=\u00bb1.6em\u00bb custom_margin=\u00bb0px||35px||false|false\u00bb custom_margin_tablet=\u00bb0px||35px||false|false\u00bb custom_margin_phone=\u00bb0px|-40px|35px|0px|false|false\u00bb custom_margin_last_edited=\u00bbon|phone\u00bb custom_padding=\u00bb0px||0px||false|false\u00bb global_colors_info=\u00bb{}\u00bb]<\/p>\n<p style=\"text-align: justify;\">En <strong>Ambutascos<\/strong>, nos encargamos con urgencia de tu\u00a0<strong> desatasco de fregaderos en Las Palmas<\/strong> y de WC o bajantes, por eso ofrecemos un servicio r\u00e1pido y eficaz. Nuestros t\u00e9cnicos cuentan con <strong>equipos de \u00faltima tecnolog\u00eda<\/strong> para eliminar bloqueos <strong>sin da\u00f1ar las tuber\u00edas.<\/strong> Ya sea que el atasco est\u00e9 causado por restos de alimentos, acumulaciones de jab\u00f3n o desechos, estamos preparados para brindar <strong>soluciones personalizadas y respetuosas<\/strong> con el medio ambiente. Nuestra experiencia nos permite abordar cualquier tipo de obstrucci\u00f3n, devolviendo la tranquilidad a tu hogar o negocio.<\/p>\n<p>[\/et_pb_text][\/et_pb_column][et_pb_column type=\u00bb1_2&#8243; _builder_version=\u00bb4.24.2&#8243; _module_preset=\u00bbdefault\u00bb global_colors_info=\u00bb{}\u00bb][et_pb_image src=\u00bbhttps:\/\/ambutascos.es\/wp-content\/uploads\/2024\/10\/Desatasco-de-fregaderos-en-Las-Palmas-2.jpg\u00bb alt=\u00bbDesatasco de fregaderos en Las Palmas\u00bb title_text=\u00bbDesatasco de fregaderos en Las Palmas (2)\u00bb _builder_version=\u00bb4.27.2&#8243; _module_preset=\u00bbdefault\u00bb max_width=\u00bb507px\u00bb custom_margin=\u00bb0px||0px||false|false\u00bb custom_padding=\u00bb0px||0px||false|false\u00bb box_shadow_style=\u00bbpreset2&#8243; global_colors_info=\u00bb{}\u00bb][\/et_pb_image][\/et_pb_column][\/et_pb_row][\/et_pb_section][et_pb_section fb_built=\u00bb1&#8243; custom_padding_last_edited=\u00bbon|tablet\u00bb _builder_version=\u00bb4.27.2&#8243; _module_preset=\u00bbdefault\u00bb custom_margin=\u00bb0px||-15px||false|false\u00bb custom_padding=\u00bb2px||2px||true|false\u00bb custom_padding_tablet=\u00bb110px||110px||false|false\u00bb custom_padding_phone=\u00bb0px||0px||true|false\u00bb global_colors_info=\u00bb{}\u00bb][et_pb_row use_custom_gutter=\u00bbon\u00bb gutter_width=\u00bb2&#8243; _builder_version=\u00bb4.27.2&#8243; _module_preset=\u00bbdefault\u00bb width=\u00bb90%\u00bb max_width=\u00bb1120px\u00bb custom_margin=\u00bb0px|auto|30px|auto|false|false\u00bb custom_margin_tablet=\u00bb0px|auto|30px|auto|false|false\u00bb custom_margin_phone=\u00bb0px|auto|30px|auto|false|false\u00bb custom_margin_last_edited=\u00bbon|desktop\u00bb custom_padding=\u00bb0px||0px||false|false\u00bb animation_style=\u00bbzoom\u00bb animation_delay=\u00bb500ms\u00bb animation_speed_curve=\u00bbease\u00bb global_colors_info=\u00bb{}\u00bb][et_pb_column type=\u00bb4_4&#8243; _builder_version=\u00bb4.24.2&#8243; _module_preset=\u00bbdefault\u00bb custom_padding_tablet=\u00bb||60px||false|false\u00bb custom_padding_phone=\u00bb||55px||false|false\u00bb custom_padding_last_edited=\u00bbon|tablet\u00bb global_colors_info=\u00bb{}\u00bb][et_pb_text _builder_version=\u00bb4.27.2&#8243; _module_preset=\u00bbdefault\u00bb header_2_font=\u00bbBasic|700|||||||\u00bb header_2_text_align=\u00bbcenter\u00bb header_2_text_color=\u00bb#000000&#8243; header_2_font_size=\u00bb30px\u00bb header_2_line_height=\u00bb1.2em\u00bb header_3_font=\u00bbBasic|700|||||||\u00bb header_3_font_size=\u00bb30px\u00bb custom_margin=\u00bb40px||20px||false|false\u00bb custom_margin_tablet=\u00bb40px||20px||false|false\u00bb custom_margin_phone=\u00bb25px||20px||false|false\u00bb custom_margin_last_edited=\u00bbon|phone\u00bb custom_padding=\u00bb0px||0px||false|false\u00bb header_2_font_size_tablet=\u00bb45px\u00bb header_2_font_size_phone=\u00bb28px\u00bb header_2_font_size_last_edited=\u00bbon|phone\u00bb global_colors_info=\u00bb{}\u00bb]<\/p>\n<h3 class=\"elementor-heading-title elementor-size-default\" style=\"text-align: left;\">Un mantenimiento importante<\/h3>\n<p>[\/et_pb_text][et_pb_text _builder_version=\u00bb4.27.2&#8243; _module_preset=\u00bbdefault\u00bb text_font=\u00bbManrope|600|||||||\u00bb text_text_color=\u00bb#6b6e71&#8243; text_font_size=\u00bb16px\u00bb text_line_height=\u00bb1.6em\u00bb custom_margin=\u00bb0px||-2px||false|false\u00bb custom_padding=\u00bb0px||0px||false|false\u00bb global_colors_info=\u00bb{}\u00bb]<\/p>\n<p style=\"text-align: justify;\">El mantenimiento adecuado de las tuber\u00edas mediante nuestra t\u00e9cnica de <strong>desatasco de fregaderos en Las Palmas<\/strong>, es esencial para evitar problemas mayores. Aqu\u00ed te explicamos por qu\u00e9:<\/p>\n<ol style=\"text-align: justify;\">\n<li><strong>Protecci\u00f3n de las instalaciones<\/strong>: Los atascos no resueltos pueden generar da\u00f1os en las tuber\u00edas, provocando fugas o roturas costosas de reparar.<\/li>\n<li><strong>Mejora en la higiene<\/strong>: El agua estancada por obstrucciones puede ser un foco de malos olores y bacterias.<\/li>\n<li><strong>Ahorro de tiempo y dinero<\/strong>: Un desatasco preventivo es m\u00e1s econ\u00f3mico y r\u00e1pido que solucionar una aver\u00eda m\u00e1s seria en el sistema.<\/li>\n<li><strong>Prevenci\u00f3n de inundaciones<\/strong>: Las obstrucciones pueden causar desbordamientos en fregaderos o inodoros, con posibles da\u00f1os al mobiliario y al suelo.<\/li>\n<\/ol>\n<p style=\"text-align: justify;\">Un desatasco a tiempo no solo evita inconvenientes, sino que prolonga la vida \u00fatil de tus tuber\u00edas y asegura el bienestar en tu entorno. As\u00ed que no dudes en ponerte en contacto con nosotros, donde te atenderemos con <strong>urgencia las 24h del d\u00eda<\/strong> cualquier d\u00eda del a\u00f1o.<\/p>\n<p>[\/et_pb_text][\/et_pb_column][\/et_pb_row][\/et_pb_section]<\/p>\n","protected":false},"excerpt":{"rendered":"<p>Desatasco de fregaderos, wc o bajantes.Nuestro servicio de desatasco de fregaderos, WC o bajantes est\u00e1 dise\u00f1ado para eliminar r\u00e1pidamente cualquier obstrucci\u00f3n que afecte el flujo de agua en tu hogar o negocio. Utilizamos equipos especializados para desatascar de manera segura y eficiente, asegurando que las tuber\u00edas funcionen sin problemas. Con soluciones r\u00e1pidas y sin productos [&hellip;]<\/p>\n","protected":false},"author":1,"featured_media":0,"parent":0,"menu_order":0,"comment_status":"closed","ping_status":"closed","template":"","meta":{"_et_pb_use_builder":"on","_et_pb_old_content":"","_et_gb_content_width":"","_joinchat":[],"footnotes":""},"class_list":["post-24335","page","type-page","status-publish","hentry"],"yoast_head":"<!-- This site is optimized with the Yoast SEO plugin v27.4 - https:\/\/yoast.com\/product\/yoast-seo-wordpress\/ -->\n<title>Desatasco de fregaderos en Las Palmas - Ambutascos<\/title>\n<meta name=\"description\" content=\"Si tienes un problema y necesitas un desatasco de fregaderos en Las Palmas, nuestra compa\u00f1\u00eda te atender\u00e1 en cualquier momento del d\u00eda.\" \/>\n<meta name=\"robots\" content=\"index, follow, max-snippet:-1, max-image-preview:large, max-video-preview:-1\" \/>\n<link rel=\"canonical\" href=\"https:\/\/ambutascos.es\/index.php\/desatasco-de-fregaderos-en-las-palmas\/\" \/>\n<meta property=\"og:locale\" content=\"es_ES\" \/>\n<meta property=\"og:type\" content=\"article\" \/>\n<meta property=\"og:title\" content=\"Desatasco de fregaderos en Las Palmas - Ambutascos\" \/>\n<meta property=\"og:description\" content=\"Si tienes un problema y necesitas un desatasco de fregaderos en Las Palmas, nuestra compa\u00f1\u00eda te atender\u00e1 en cualquier momento del d\u00eda.\" \/>\n<meta property=\"og:url\" content=\"https:\/\/ambutascos.es\/index.php\/desatasco-de-fregaderos-en-las-palmas\/\" \/>\n<meta property=\"og:site_name\" content=\"Ambutascos\" \/>\n<meta property=\"article:modified_time\" content=\"2025-09-05T18:57:56+00:00\" \/>\n<meta name=\"twitter:card\" content=\"summary_large_image\" \/>\n<script type=\"application\/ld+json\" class=\"yoast-schema-graph\">{\"@context\":\"https:\\\/\\\/schema.org\",\"@graph\":[{\"@type\":\"WebPage\",\"@id\":\"https:\\\/\\\/ambutascos.es\\\/index.php\\\/desatasco-de-fregaderos-en-las-palmas\\\/\",\"url\":\"https:\\\/\\\/ambutascos.es\\\/index.php\\\/desatasco-de-fregaderos-en-las-palmas\\\/\",\"name\":\"Desatasco de fregaderos en Las Palmas - Ambutascos\",\"isPartOf\":{\"@id\":\"https:\\\/\\\/ambutascos.es\\\/#website\"},\"datePublished\":\"2024-10-24T07:27:18+00:00\",\"dateModified\":\"2025-09-05T18:57:56+00:00\",\"description\":\"Si tienes un problema y necesitas un desatasco de fregaderos en Las Palmas, nuestra compa\u00f1\u00eda te atender\u00e1 en cualquier momento del d\u00eda.\",\"breadcrumb\":{\"@id\":\"https:\\\/\\\/ambutascos.es\\\/index.php\\\/desatasco-de-fregaderos-en-las-palmas\\\/#breadcrumb\"},\"inLanguage\":\"es\",\"potentialAction\":[{\"@type\":\"ReadAction\",\"target\":[\"https:\\\/\\\/ambutascos.es\\\/index.php\\\/desatasco-de-fregaderos-en-las-palmas\\\/\"]}]},{\"@type\":\"BreadcrumbList\",\"@id\":\"https:\\\/\\\/ambutascos.es\\\/index.php\\\/desatasco-de-fregaderos-en-las-palmas\\\/#breadcrumb\",\"itemListElement\":[{\"@type\":\"ListItem\",\"position\":1,\"name\":\"Portada\",\"item\":\"https:\\\/\\\/ambutascos.es\\\/\"},{\"@type\":\"ListItem\",\"position\":2,\"name\":\"Desatasco de fregaderos en Las Palmas\"}]},{\"@type\":\"WebSite\",\"@id\":\"https:\\\/\\\/ambutascos.es\\\/#website\",\"url\":\"https:\\\/\\\/ambutascos.es\\\/\",\"name\":\"Ambutascos\",\"description\":\"Desatascos Urgentes Las Palmas\",\"potentialAction\":[{\"@type\":\"SearchAction\",\"target\":{\"@type\":\"EntryPoint\",\"urlTemplate\":\"https:\\\/\\\/ambutascos.es\\\/?s={search_term_string}\"},\"query-input\":{\"@type\":\"PropertyValueSpecification\",\"valueRequired\":true,\"valueName\":\"search_term_string\"}}],\"inLanguage\":\"es\"}]}<\/script>\n<!-- \/ Yoast SEO plugin. -->","yoast_head_json":{"title":"Desatasco de fregaderos en Las Palmas - Ambutascos","description":"Si tienes un problema y necesitas un desatasco de fregaderos en Las Palmas, nuestra compa\u00f1\u00eda te atender\u00e1 en cualquier momento del d\u00eda.","robots":{"index":"index","follow":"follow","max-snippet":"max-snippet:-1","max-image-preview":"max-image-preview:large","max-video-preview":"max-video-preview:-1"},"canonical":"https:\/\/ambutascos.es\/index.php\/desatasco-de-fregaderos-en-las-palmas\/","og_locale":"es_ES","og_type":"article","og_title":"Desatasco de fregaderos en Las Palmas - Ambutascos","og_description":"Si tienes un problema y necesitas un desatasco de fregaderos en Las Palmas, nuestra compa\u00f1\u00eda te atender\u00e1 en cualquier momento del d\u00eda.","og_url":"https:\/\/ambutascos.es\/index.php\/desatasco-de-fregaderos-en-las-palmas\/","og_site_name":"Ambutascos","article_modified_time":"2025-09-05T18:57:56+00:00","twitter_card":"summary_large_image","schema":{"@context":"https:\/\/schema.org","@graph":[{"@type":"WebPage","@id":"https:\/\/ambutascos.es\/index.php\/desatasco-de-fregaderos-en-las-palmas\/","url":"https:\/\/ambutascos.es\/index.php\/desatasco-de-fregaderos-en-las-palmas\/","name":"Desatasco de fregaderos en Las Palmas - Ambutascos","isPartOf":{"@id":"https:\/\/ambutascos.es\/#website"},"datePublished":"2024-10-24T07:27:18+00:00","dateModified":"2025-09-05T18:57:56+00:00","description":"Si tienes un problema y necesitas un desatasco de fregaderos en Las Palmas, nuestra compa\u00f1\u00eda te atender\u00e1 en cualquier momento del d\u00eda.","breadcrumb":{"@id":"https:\/\/ambutascos.es\/index.php\/desatasco-de-fregaderos-en-las-palmas\/#breadcrumb"},"inLanguage":"es","potentialAction":[{"@type":"ReadAction","target":["https:\/\/ambutascos.es\/index.php\/desatasco-de-fregaderos-en-las-palmas\/"]}]},{"@type":"BreadcrumbList","@id":"https:\/\/ambutascos.es\/index.php\/desatasco-de-fregaderos-en-las-palmas\/#breadcrumb","itemListElement":[{"@type":"ListItem","position":1,"name":"Portada","item":"https:\/\/ambutascos.es\/"},{"@type":"ListItem","position":2,"name":"Desatasco de fregaderos en Las Palmas"}]},{"@type":"WebSite","@id":"https:\/\/ambutascos.es\/#website","url":"https:\/\/ambutascos.es\/","name":"Ambutascos","description":"Desatascos Urgentes Las Palmas","potentialAction":[{"@type":"SearchAction","target":{"@type":"EntryPoint","urlTemplate":"https:\/\/ambutascos.es\/?s={search_term_string}"},"query-input":{"@type":"PropertyValueSpecification","valueRequired":true,"valueName":"search_term_string"}}],"inLanguage":"es"}]}},"_links":{"self":[{"href":"https:\/\/ambutascos.es\/index.php\/wp-json\/wp\/v2\/pages\/24335","targetHints":{"allow":["GET"]}}],"collection":[{"href":"https:\/\/ambutascos.es\/index.php\/wp-json\/wp\/v2\/pages"}],"about":[{"href":"https:\/\/ambutascos.es\/index.php\/wp-json\/wp\/v2\/types\/page"}],"author":[{"embeddable":true,"href":"https:\/\/ambutascos.es\/index.php\/wp-json\/wp\/v2\/users\/1"}],"replies":[{"embeddable":true,"href":"https:\/\/ambutascos.es\/index.php\/wp-json\/wp\/v2\/comments?post=24335"}],"version-history":[{"count":10,"href":"https:\/\/ambutascos.es\/index.php\/wp-json\/wp\/v2\/pages\/24335\/revisions"}],"predecessor-version":[{"id":24817,"href":"https:\/\/ambutascos.es\/index.php\/wp-json\/wp\/v2\/pages\/24335\/revisions\/24817"}],"wp:attachment":[{"href":"https:\/\/ambutascos.es\/index.php\/wp-json\/wp\/v2\/media?parent=24335"}],"curies":[{"name":"wp","href":"https:\/\/api.w.org\/{rel}","templated":true}]}}