{"id":24353,"date":"2024-10-24T08:21:27","date_gmt":"2024-10-24T08:21:27","guid":{"rendered":"https:\/\/ambutascos.merkadoweb.es\/?page_id=24353"},"modified":"2025-09-05T18:59:32","modified_gmt":"2025-09-05T18:59:32","slug":"limpieza-de-alcantarillado-en-las-palmas","status":"publish","type":"page","link":"https:\/\/ambutascos.es\/index.php\/limpieza-de-alcantarillado-en-las-palmas\/","title":{"rendered":"Limpieza de alcantarillado en Las Palmas"},"content":{"rendered":"<p>[et_pb_section fb_built=\u00bb1&#8243; custom_padding_last_edited=\u00bbon|phone\u00bb _builder_version=\u00bb4.27.2&#8243; _module_preset=\u00bbdefault\u00bb background_image=\u00bbhttps:\/\/ambutascos.es\/wp-content\/uploads\/2024\/10\/Limpieza-de-alcantarillado-en-Las-Palmas.jpg\u00bb custom_padding=\u00bb150px||150px||true|\u00bb custom_padding_tablet=\u00bb150px||150px||true|\u00bb custom_padding_phone=\u00bb80px||80px||true|false\u00bb global_colors_info=\u00bb{}\u00bb][et_pb_row custom_padding_last_edited=\u00bbon|phone\u00bb _builder_version=\u00bb4.27.2&#8243; _module_preset=\u00bbdefault\u00bb background_color=\u00bbrgba(10,10,10,0.5)\u00bb custom_padding=\u00bb||32px|||\u00bb custom_padding_tablet=\u00bb||32px|||\u00bb custom_padding_phone=\u00bb10px||30px||false|false\u00bb global_colors_info=\u00bb{}\u00bb][et_pb_column type=\u00bb4_4&#8243; _builder_version=\u00bb4.27.2&#8243; _module_preset=\u00bbdefault\u00bb global_colors_info=\u00bb{}\u00bb][et_pb_text _builder_version=\u00bb4.27.2&#8243; _module_preset=\u00bbdefault\u00bb header_font=\u00bbBasic|700|||||||\u00bb header_text_align=\u00bbleft\u00bb header_text_color=\u00bb#FFFFFF\u00bb header_font_size=\u00bb68px\u00bb header_line_height=\u00bb1.1em\u00bb header_2_font=\u00bbBasic|700||on|||||\u00bb header_2_text_color=\u00bb#FFFFFF\u00bb header_2_font_size=\u00bb40px\u00bb header_2_line_height=\u00bb1.3em\u00bb custom_margin=\u00bb20px||5px||false|false\u00bb custom_padding=\u00bb0px||5px||false|false\u00bb header_font_size_tablet=\u00bb68px\u00bb header_font_size_phone=\u00bb34px\u00bb header_font_size_last_edited=\u00bbon|phone\u00bb header_2_font_size_tablet=\u00bb49px\u00bb header_2_font_size_phone=\u00bb22px\u00bb header_2_font_size_last_edited=\u00bbon|phone\u00bb global_colors_info=\u00bb{}\u00bb]<\/p>\n<h2 style=\"text-align: center;\">Limpieza profesional de alcantarillado<\/h2>\n<p>[\/et_pb_text][et_pb_text _builder_version=\u00bb4.27.2&#8243; _module_preset=\u00bbdefault\u00bb text_font=\u00bbManrope|600|||||||\u00bb text_text_color=\u00bb#FFFFFF\u00bb text_font_size=\u00bb16px\u00bb text_line_height=\u00bb1.5em\u00bb header_text_color=\u00bb#FFFFFF\u00bb custom_margin=\u00bb0px||13px||false|false\u00bb custom_margin_tablet=\u00bb0px||35px||false|false\u00bb custom_margin_phone=\u00bb0px|0px|35px|0px|false|false\u00bb custom_margin_last_edited=\u00bbon|phone\u00bb custom_padding=\u00bb0px|20px|0px|20px|false|true\u00bb global_colors_info=\u00bb{}\u00bb]<\/p>\n<p style=\"text-align: justify;\">En <strong>Ambutascos<\/strong>, sabemos lo molesto que puede ser un alcantarillado obstruido. Nuestro servicio de <strong>limpieza profesional de alcantarillado<\/strong> est\u00e1 dise\u00f1ado para resolver estos problemas r\u00e1pidamente. Usamos equipos de alta presi\u00f3n para eliminar residuos y evitar bloqueos futuros, asegurando que tu sistema de drenaje funcione a la perfecci\u00f3n. Estamos aqu\u00ed para garantizar que todo fluya de manera eficiente, sin complicaciones<\/p>\n<p>[\/et_pb_text][et_pb_button button_url=\u00bbtel:+34661913872&#8243; button_text=\u00bb661 91 38 72&#8243; button_alignment=\u00bbcenter\u00bb _builder_version=\u00bb4.27.4&#8243; _module_preset=\u00bbdefault\u00bb custom_button=\u00bbon\u00bb button_text_size=\u00bb14px\u00bb button_text_color=\u00bb#FFFFFF\u00bb button_bg_color=\u00bb#bf0029&#8243; button_border_radius=\u00bb0px\u00bb button_font=\u00bbManrope|800|||||||\u00bb button_use_icon=\u00bboff\u00bb custom_margin=\u00bb0px||0px||false|false\u00bb custom_padding=\u00bb15px|36px|15px|36px|false|false\u00bb hover_enabled=\u00bb0&#8243; global_colors_info=\u00bb{}\u00bb button_bg_color__hover_enabled=\u00bbon|hover\u00bb button_text_color__hover_enabled=\u00bbon|hover\u00bb button_text_color__hover=\u00bb#bf0029&#8243; button_bg_color__hover=\u00bb#FFFFFF\u00bb button_bg_enable_color__hover=\u00bbon\u00bb button_letter_spacing__hover_enabled=\u00bbon|hover\u00bb button_letter_spacing__hover=\u00bb0px\u00bb sticky_enabled=\u00bb0&#8243;][\/et_pb_button][\/et_pb_column][\/et_pb_row][\/et_pb_section][et_pb_section fb_built=\u00bb1&#8243; custom_padding_last_edited=\u00bbon|phone\u00bb _builder_version=\u00bb4.27.2&#8243; _module_preset=\u00bbdefault\u00bb background_color=\u00bb#f2f2f2&#8243; custom_margin=\u00bb0px||0px||false|false\u00bb custom_padding=\u00bb40px||40px||true|false\u00bb custom_padding_tablet=\u00bb175px||100px||false|false\u00bb custom_padding_phone=\u00bb0px||40px||false|false\u00bb global_colors_info=\u00bb{}\u00bb][et_pb_row column_structure=\u00bb1_2,1_2&#8243; use_custom_gutter=\u00bbon\u00bb gutter_width=\u00bb1&#8243; make_equal=\u00bbon\u00bb custom_padding_last_edited=\u00bbon|phone\u00bb _builder_version=\u00bb4.27.2&#8243; _module_preset=\u00bbdefault\u00bb width=\u00bb90%\u00bb max_width=\u00bb1120px\u00bb custom_margin=\u00bb0px||0px||false|false\u00bb custom_margin_tablet=\u00bb0px||0px||false|false\u00bb custom_margin_phone=\u00bb0px||0px||false|false\u00bb custom_margin_last_edited=\u00bbon|phone\u00bb custom_padding=\u00bb0px||0px||false|false\u00bb custom_padding_tablet=\u00bb0px||0px||false|false\u00bb custom_padding_phone=\u00bb0px||0px||false|false\u00bb animation_style=\u00bbfade\u00bb animation_delay=\u00bb500ms\u00bb animation_speed_curve=\u00bbease\u00bb global_colors_info=\u00bb{}\u00bb][et_pb_column type=\u00bb1_2&#8243; _builder_version=\u00bb4.27.2&#8243; _module_preset=\u00bbdefault\u00bb custom_padding=\u00bb|40px||12px|false|false\u00bb custom_padding_tablet=\u00bb70px|||0px|false|false\u00bb custom_padding_phone=\u00bb55px||||false|false\u00bb custom_padding_last_edited=\u00bbon|tablet\u00bb custom_css_main_element=\u00bbmargin:auto;\u00bb global_colors_info=\u00bb{}\u00bb][et_pb_text _builder_version=\u00bb4.27.2&#8243; _module_preset=\u00bbdefault\u00bb header_4_font=\u00bbBasic|||on|||||\u00bb header_4_text_align=\u00bbleft\u00bb header_4_text_color=\u00bb#bf0029&#8243; header_4_font_size=\u00bb14px\u00bb header_4_letter_spacing=\u00bb1.2px\u00bb header_4_line_height=\u00bb1.2em\u00bb custom_margin=\u00bb0px||0px||false|false\u00bb custom_margin_tablet=\u00bb0px||0px||false|false\u00bb custom_margin_phone=\u00bb-20px||0px||false|false\u00bb custom_margin_last_edited=\u00bbon|phone\u00bb custom_padding=\u00bb0px||0px||false|false\u00bb global_colors_info=\u00bb{}\u00bb]<\/p>\n<h4>tecnolog\u00eda avanzada<\/h4>\n<p>[\/et_pb_text][et_pb_text _builder_version=\u00bb4.27.2&#8243; _module_preset=\u00bbdefault\u00bb header_font=\u00bbBasic|700|||||||\u00bb header_2_font=\u00bbBasic|700|||||||\u00bb header_2_text_align=\u00bbleft\u00bb header_2_text_color=\u00bb#014b9c\u00bb header_2_font_size=\u00bb45px\u00bb header_2_line_height=\u00bb1.2em\u00bb custom_margin=\u00bb0px||3px||false|false\u00bb custom_padding=\u00bb0px||0px||false|false\u00bb header_2_font_size_tablet=\u00bb45px\u00bb header_2_font_size_phone=\u00bb28px\u00bb header_2_font_size_last_edited=\u00bbon|phone\u00bb global_colors_info=\u00bb{}\u00bb]<\/p>\n<h1>Limpieza de alcantarillado en Las Palmas<\/h1>\n<p>[\/et_pb_text][et_pb_text _builder_version=\u00bb4.27.2&#8243; _module_preset=\u00bbdefault\u00bb text_font=\u00bbManrope|600|||||||\u00bb text_text_color=\u00bb#6b6e71&#8243; text_font_size=\u00bb16px\u00bb text_line_height=\u00bb1.6em\u00bb custom_margin=\u00bb0px||35px||false|false\u00bb custom_margin_tablet=\u00bb0px||35px||false|false\u00bb custom_margin_phone=\u00bb0px|-40px|35px|0px|false|false\u00bb custom_margin_last_edited=\u00bbon|phone\u00bb custom_padding=\u00bb0px||0px||false|false\u00bb global_colors_info=\u00bb{}\u00bb]<\/p>\n<p style=\"text-align: justify;\">En <strong>Ambutascos<\/strong>, abordamos la <strong>limpieza de alcantarillado en Las Palmas<\/strong> con una mezcla de experiencia y tecnolog\u00eda avanzada. Con a\u00f1os de experiencia en el sector, nuestro equipo est\u00e1 preparado para <strong>enfrentar cualquier reto en sistemas de alcantarillado<\/strong>, eliminando acumulaciones de residuos, lodos y obstrucciones. Utilizamos herramientas de alta presi\u00f3n que limpian a fondo sin da\u00f1ar las tuber\u00edas. Nos enorgullece ofrecer un <strong>servicio eficiente y respetuoso con el medio ambiente<\/strong>, ayudando a prevenir problemas graves antes de que ocurran.<\/p>\n<p>[\/et_pb_text][\/et_pb_column][et_pb_column type=\u00bb1_2&#8243; _builder_version=\u00bb4.24.2&#8243; _module_preset=\u00bbdefault\u00bb global_colors_info=\u00bb{}\u00bb][et_pb_image src=\u00bbhttps:\/\/ambutascos.es\/wp-content\/uploads\/2024\/10\/Limpieza-de-alcantarillado-en-Las-Palmas-2.jpg\u00bb title_text=\u00bbLimpieza de alcantarillado en Las Palmas (2)\u00bb _builder_version=\u00bb4.27.2&#8243; _module_preset=\u00bbdefault\u00bb max_width=\u00bb507px\u00bb custom_margin=\u00bb0px||0px||false|false\u00bb custom_padding=\u00bb0px||0px||false|false\u00bb box_shadow_style=\u00bbpreset2&#8243; global_colors_info=\u00bb{}\u00bb][\/et_pb_image][\/et_pb_column][\/et_pb_row][\/et_pb_section][et_pb_section fb_built=\u00bb1&#8243; custom_padding_last_edited=\u00bbon|tablet\u00bb _builder_version=\u00bb4.27.2&#8243; _module_preset=\u00bbdefault\u00bb custom_margin=\u00bb0px||-15px||false|false\u00bb custom_padding=\u00bb2px||2px||true|false\u00bb custom_padding_tablet=\u00bb110px||110px||false|false\u00bb custom_padding_phone=\u00bb0px||0px||true|false\u00bb global_colors_info=\u00bb{}\u00bb][et_pb_row use_custom_gutter=\u00bbon\u00bb gutter_width=\u00bb2&#8243; _builder_version=\u00bb4.27.2&#8243; _module_preset=\u00bbdefault\u00bb width=\u00bb90%\u00bb max_width=\u00bb1120px\u00bb custom_margin=\u00bb0px|auto|30px|auto|false|false\u00bb custom_margin_tablet=\u00bb0px|auto|30px|auto|false|false\u00bb custom_margin_phone=\u00bb0px|auto|30px|auto|false|false\u00bb custom_margin_last_edited=\u00bbon|desktop\u00bb custom_padding=\u00bb0px||0px||false|false\u00bb animation_style=\u00bbzoom\u00bb animation_delay=\u00bb500ms\u00bb animation_speed_curve=\u00bbease\u00bb global_colors_info=\u00bb{}\u00bb][et_pb_column type=\u00bb4_4&#8243; _builder_version=\u00bb4.24.2&#8243; _module_preset=\u00bbdefault\u00bb custom_padding_tablet=\u00bb||60px||false|false\u00bb custom_padding_phone=\u00bb||55px||false|false\u00bb custom_padding_last_edited=\u00bbon|tablet\u00bb global_colors_info=\u00bb{}\u00bb][et_pb_text _builder_version=\u00bb4.27.2&#8243; _module_preset=\u00bbdefault\u00bb header_2_font=\u00bbBasic|700|||||||\u00bb header_2_text_align=\u00bbcenter\u00bb header_2_text_color=\u00bb#000000&#8243; header_2_font_size=\u00bb30px\u00bb header_2_line_height=\u00bb1.2em\u00bb header_3_font=\u00bbBasic|700|||||||\u00bb header_3_font_size=\u00bb30px\u00bb custom_margin=\u00bb40px||20px||false|false\u00bb custom_margin_tablet=\u00bb40px||20px||false|false\u00bb custom_margin_phone=\u00bb25px||20px||false|false\u00bb custom_margin_last_edited=\u00bbon|phone\u00bb custom_padding=\u00bb0px||0px||false|false\u00bb header_2_font_size_tablet=\u00bb45px\u00bb header_2_font_size_phone=\u00bb28px\u00bb header_2_font_size_last_edited=\u00bbon|phone\u00bb global_colors_info=\u00bb{}\u00bb]<\/p>\n<h3 class=\"elementor-heading-title elementor-size-default\" style=\"text-align: left;\">Detecci\u00f3n y reparaci\u00f3n<\/h3>\n<p>[\/et_pb_text][et_pb_text _builder_version=\u00bb4.27.2&#8243; _module_preset=\u00bbdefault\u00bb text_font=\u00bbManrope|600|||||||\u00bb text_text_color=\u00bb#6b6e71&#8243; text_font_size=\u00bb16px\u00bb text_line_height=\u00bb1.6em\u00bb custom_margin=\u00bb0px||-2px||false|false\u00bb custom_padding=\u00bb0px||0px||false|false\u00bb global_colors_info=\u00bb{}\u00bb]<\/p>\n<p style=\"text-align: justify;\">La <strong>limpieza de alcantarillado en Las Palmas<\/strong>, es clave para mantener la integridad del sistema de drenaje, sobre todo es importante hacerlo con regularidad, para que as\u00ed se eviten problemas mayores en un futuro. En <strong>Ambutascos<\/strong> contamos con un sistema de trabajo r\u00e1pido y profesional, que har\u00e1 que todo esto sea un proceso sencillo. Aqu\u00ed te contamos por qu\u00e9 es fundamental:<\/p>\n<ol style=\"text-align: justify;\">\n<li><strong>Evitar obstrucciones<\/strong>: Con el tiempo, los residuos y sedimentos se acumulan, lo que puede causar bloqueos importantes.<\/li>\n<li><strong>Prevenir malos olores<\/strong>: Los desechos en descomposici\u00f3n dentro del alcantarillado pueden generar olores desagradables que afectan tu entorno.<\/li>\n<li><strong>Protecci\u00f3n contra inundaciones<\/strong>: Un alcantarillado limpio garantiza que el agua fluya correctamente, reduciendo el riesgo de inundaciones durante lluvias fuertes.<\/li>\n<li><strong>Ahorro en reparaciones<\/strong>: Mantener limpio el sistema de alcantarillado es una medida preventiva que evita reparaciones costosas y urgentes.<\/li>\n<\/ol>\n<p style=\"text-align: justify;\">Una limpieza profesional asegura un alcantarillado eficiente, libre de problemas y sin sorpresas desagradables.<\/p>\n<p>[\/et_pb_text][\/et_pb_column][\/et_pb_row][\/et_pb_section]<\/p>\n","protected":false},"excerpt":{"rendered":"<p>Limpieza profesional de alcantarilladoEn Ambutascos, sabemos lo molesto que puede ser un alcantarillado obstruido. Nuestro servicio de limpieza profesional de alcantarillado est\u00e1 dise\u00f1ado para resolver estos problemas r\u00e1pidamente. Usamos equipos de alta presi\u00f3n para eliminar residuos y evitar bloqueos futuros, asegurando que tu sistema de drenaje funcione a la perfecci\u00f3n. Estamos aqu\u00ed para garantizar que [&hellip;]<\/p>\n","protected":false},"author":1,"featured_media":0,"parent":0,"menu_order":0,"comment_status":"closed","ping_status":"closed","template":"","meta":{"_et_pb_use_builder":"on","_et_pb_old_content":"","_et_gb_content_width":"","_joinchat":[],"footnotes":""},"class_list":["post-24353","page","type-page","status-publish","hentry"],"yoast_head":"<!-- This site is optimized with the Yoast SEO plugin v27.5 - https:\/\/yoast.com\/product\/yoast-seo-wordpress\/ -->\n<title>Limpieza de alcantarillado en Las Palmas - Ambutascos<\/title>\n<meta name=\"description\" content=\"En nuestra empresa contamos con un servicio de limpieza de alcantarillado en Las Palmas, donde acudiremos con la m\u00e1xima brevedad.\" \/>\n<meta name=\"robots\" content=\"index, follow, max-snippet:-1, max-image-preview:large, max-video-preview:-1\" \/>\n<link rel=\"canonical\" href=\"https:\/\/ambutascos.es\/index.php\/limpieza-de-alcantarillado-en-las-palmas\/\" \/>\n<meta property=\"og:locale\" content=\"es_ES\" \/>\n<meta property=\"og:type\" content=\"article\" \/>\n<meta property=\"og:title\" content=\"Limpieza de alcantarillado en Las Palmas - Ambutascos\" \/>\n<meta property=\"og:description\" content=\"En nuestra empresa contamos con un servicio de limpieza de alcantarillado en Las Palmas, donde acudiremos con la m\u00e1xima brevedad.\" \/>\n<meta property=\"og:url\" content=\"https:\/\/ambutascos.es\/index.php\/limpieza-de-alcantarillado-en-las-palmas\/\" \/>\n<meta property=\"og:site_name\" content=\"Ambutascos\" \/>\n<meta property=\"article:modified_time\" content=\"2025-09-05T18:59:32+00:00\" \/>\n<meta name=\"twitter:card\" content=\"summary_large_image\" \/>\n<script type=\"application\/ld+json\" class=\"yoast-schema-graph\">{\"@context\":\"https:\\\/\\\/schema.org\",\"@graph\":[{\"@type\":\"WebPage\",\"@id\":\"https:\\\/\\\/ambutascos.es\\\/index.php\\\/limpieza-de-alcantarillado-en-las-palmas\\\/\",\"url\":\"https:\\\/\\\/ambutascos.es\\\/index.php\\\/limpieza-de-alcantarillado-en-las-palmas\\\/\",\"name\":\"Limpieza de alcantarillado en Las Palmas - Ambutascos\",\"isPartOf\":{\"@id\":\"https:\\\/\\\/ambutascos.es\\\/#website\"},\"datePublished\":\"2024-10-24T08:21:27+00:00\",\"dateModified\":\"2025-09-05T18:59:32+00:00\",\"description\":\"En nuestra empresa contamos con un servicio de limpieza de alcantarillado en Las Palmas, donde acudiremos con la m\u00e1xima brevedad.\",\"breadcrumb\":{\"@id\":\"https:\\\/\\\/ambutascos.es\\\/index.php\\\/limpieza-de-alcantarillado-en-las-palmas\\\/#breadcrumb\"},\"inLanguage\":\"es\",\"potentialAction\":[{\"@type\":\"ReadAction\",\"target\":[\"https:\\\/\\\/ambutascos.es\\\/index.php\\\/limpieza-de-alcantarillado-en-las-palmas\\\/\"]}]},{\"@type\":\"BreadcrumbList\",\"@id\":\"https:\\\/\\\/ambutascos.es\\\/index.php\\\/limpieza-de-alcantarillado-en-las-palmas\\\/#breadcrumb\",\"itemListElement\":[{\"@type\":\"ListItem\",\"position\":1,\"name\":\"Portada\",\"item\":\"https:\\\/\\\/ambutascos.es\\\/\"},{\"@type\":\"ListItem\",\"position\":2,\"name\":\"Limpieza de alcantarillado en Las Palmas\"}]},{\"@type\":\"WebSite\",\"@id\":\"https:\\\/\\\/ambutascos.es\\\/#website\",\"url\":\"https:\\\/\\\/ambutascos.es\\\/\",\"name\":\"Ambutascos\",\"description\":\"Desatascos Urgentes Las Palmas\",\"potentialAction\":[{\"@type\":\"SearchAction\",\"target\":{\"@type\":\"EntryPoint\",\"urlTemplate\":\"https:\\\/\\\/ambutascos.es\\\/?s={search_term_string}\"},\"query-input\":{\"@type\":\"PropertyValueSpecification\",\"valueRequired\":true,\"valueName\":\"search_term_string\"}}],\"inLanguage\":\"es\"}]}<\/script>\n<!-- \/ Yoast SEO plugin. -->","yoast_head_json":{"title":"Limpieza de alcantarillado en Las Palmas - Ambutascos","description":"En nuestra empresa contamos con un servicio de limpieza de alcantarillado en Las Palmas, donde acudiremos con la m\u00e1xima brevedad.","robots":{"index":"index","follow":"follow","max-snippet":"max-snippet:-1","max-image-preview":"max-image-preview:large","max-video-preview":"max-video-preview:-1"},"canonical":"https:\/\/ambutascos.es\/index.php\/limpieza-de-alcantarillado-en-las-palmas\/","og_locale":"es_ES","og_type":"article","og_title":"Limpieza de alcantarillado en Las Palmas - Ambutascos","og_description":"En nuestra empresa contamos con un servicio de limpieza de alcantarillado en Las Palmas, donde acudiremos con la m\u00e1xima brevedad.","og_url":"https:\/\/ambutascos.es\/index.php\/limpieza-de-alcantarillado-en-las-palmas\/","og_site_name":"Ambutascos","article_modified_time":"2025-09-05T18:59:32+00:00","twitter_card":"summary_large_image","schema":{"@context":"https:\/\/schema.org","@graph":[{"@type":"WebPage","@id":"https:\/\/ambutascos.es\/index.php\/limpieza-de-alcantarillado-en-las-palmas\/","url":"https:\/\/ambutascos.es\/index.php\/limpieza-de-alcantarillado-en-las-palmas\/","name":"Limpieza de alcantarillado en Las Palmas - Ambutascos","isPartOf":{"@id":"https:\/\/ambutascos.es\/#website"},"datePublished":"2024-10-24T08:21:27+00:00","dateModified":"2025-09-05T18:59:32+00:00","description":"En nuestra empresa contamos con un servicio de limpieza de alcantarillado en Las Palmas, donde acudiremos con la m\u00e1xima brevedad.","breadcrumb":{"@id":"https:\/\/ambutascos.es\/index.php\/limpieza-de-alcantarillado-en-las-palmas\/#breadcrumb"},"inLanguage":"es","potentialAction":[{"@type":"ReadAction","target":["https:\/\/ambutascos.es\/index.php\/limpieza-de-alcantarillado-en-las-palmas\/"]}]},{"@type":"BreadcrumbList","@id":"https:\/\/ambutascos.es\/index.php\/limpieza-de-alcantarillado-en-las-palmas\/#breadcrumb","itemListElement":[{"@type":"ListItem","position":1,"name":"Portada","item":"https:\/\/ambutascos.es\/"},{"@type":"ListItem","position":2,"name":"Limpieza de alcantarillado en Las Palmas"}]},{"@type":"WebSite","@id":"https:\/\/ambutascos.es\/#website","url":"https:\/\/ambutascos.es\/","name":"Ambutascos","description":"Desatascos Urgentes Las Palmas","potentialAction":[{"@type":"SearchAction","target":{"@type":"EntryPoint","urlTemplate":"https:\/\/ambutascos.es\/?s={search_term_string}"},"query-input":{"@type":"PropertyValueSpecification","valueRequired":true,"valueName":"search_term_string"}}],"inLanguage":"es"}]}},"_links":{"self":[{"href":"https:\/\/ambutascos.es\/index.php\/wp-json\/wp\/v2\/pages\/24353","targetHints":{"allow":["GET"]}}],"collection":[{"href":"https:\/\/ambutascos.es\/index.php\/wp-json\/wp\/v2\/pages"}],"about":[{"href":"https:\/\/ambutascos.es\/index.php\/wp-json\/wp\/v2\/types\/page"}],"author":[{"embeddable":true,"href":"https:\/\/ambutascos.es\/index.php\/wp-json\/wp\/v2\/users\/1"}],"replies":[{"embeddable":true,"href":"https:\/\/ambutascos.es\/index.php\/wp-json\/wp\/v2\/comments?post=24353"}],"version-history":[{"count":10,"href":"https:\/\/ambutascos.es\/index.php\/wp-json\/wp\/v2\/pages\/24353\/revisions"}],"predecessor-version":[{"id":24819,"href":"https:\/\/ambutascos.es\/index.php\/wp-json\/wp\/v2\/pages\/24353\/revisions\/24819"}],"wp:attachment":[{"href":"https:\/\/ambutascos.es\/index.php\/wp-json\/wp\/v2\/media?parent=24353"}],"curies":[{"name":"wp","href":"https:\/\/api.w.org\/{rel}","templated":true}]}}